{"id":97,"date":"2018-09-01T15:49:25","date_gmt":"2018-09-01T13:49:25","guid":{"rendered":"http:\/\/sagafilms.fr\/?page_id=97"},"modified":"2018-10-08T11:44:57","modified_gmt":"2018-10-08T09:44:57","slug":"devenir-membre","status":"publish","type":"page","link":"https:\/\/sagafilms.fr\/index.php\/devenir-membre\/","title":{"rendered":"Devenir Membre"},"content":{"rendered":"\n<p style=\"font-size:20px\">Vous voulez devenir membre de SAGA Films, nous soutenir dans nos projets, nos d\u00e9marches\u00a0? Si ce n&rsquo;est pas encore fait, lisez d&rsquo;abord <a href=\"http:\/\/sagafilms.fr\/index.php\/nos-statuts\/\">nos statuts<\/a>.<\/p>\n\n\n\n<div class=\"wp-block-image\"><figure class=\"aligncenter\"><img loading=\"lazy\" width=\"5183\" height=\"2101\" src=\"http:\/\/sagafilms.fr\/wp-content\/uploads\/2018\/10\/Page-2-devenir-membre-joignez-vous-\u00e0-nous-min.jpg\" alt=\"\" class=\"wp-image-674\" srcset=\"https:\/\/sagafilms.fr\/wp-content\/uploads\/2018\/10\/Page-2-devenir-membre-joignez-vous-\u00e0-nous-min.jpg 5183w, https:\/\/sagafilms.fr\/wp-content\/uploads\/2018\/10\/Page-2-devenir-membre-joignez-vous-\u00e0-nous-min-300x122.jpg 300w, https:\/\/sagafilms.fr\/wp-content\/uploads\/2018\/10\/Page-2-devenir-membre-joignez-vous-\u00e0-nous-min-768x311.jpg 768w, https:\/\/sagafilms.fr\/wp-content\/uploads\/2018\/10\/Page-2-devenir-membre-joignez-vous-\u00e0-nous-min-1024x415.jpg 1024w\" sizes=\"(max-width: 5183px) 100vw, 5183px\" \/><figcaption><em>Joignez-vous \u00e0 nous !<\/em><\/figcaption><\/figure><\/div>\n\n\n\n<p style=\"font-size:20px\">Comme vous le voyez, les membres de\nl\u2019association s\u2019engagent :<\/p>\n\n\n\n<ul><li>\u00e0 apporter leur contribution \u00e0 la r\u00e9alisation de nos buts.<\/li><li>\u00e0 ne rien faire qui soit de nature \u00e0 nuire ou \u00e0 porter pr\u00e9judice \u00e0 l\u2019association<\/li><li>\u00e0 respecter nos statuts, le r\u00e8glement int\u00e9rieur et les d\u00e9cisions prises par le Conseil d\u2019Administration ou l\u2019Assembl\u00e9e G\u00e9n\u00e9rale<\/li><li>\u00e0 acquitter le montant de la cotisation annuelle\u00a0: pour cette ann\u00e9e 2018-2019, elle est de 10 \u20ac.<\/li><\/ul>\n\n\n\n<p style=\"font-size:20px\">Si vous \u00eates toujours partant, voici un\nformulaire \u00e0 remplir\u00a0: sit\u00f4t envoy\u00e9, nous vous contacterons rapidement\npour savoir ce qui vous passionne, comment vous comptez faire vivre\nl&rsquo;association \u00e0 votre \u00e9chelle&#8230;en bref, ce que vous pouvez faire pour SAGA\nFilms, mais aussi ce que SAGA Films peut faire pour vous\u00a0!<\/p>\n\n\n\n<div style=\"height:100px\" aria-hidden=\"true\" class=\"wp-block-spacer\"><\/div>\n\n\n\n<h3><strong>Renseignez-vous\u00a0:<\/strong><\/h3>\n\n\n\n<p style=\"font-size:20px\">Si vous vous demandez ce que vous pouvez faire ou quels projets int\u00e9ressent SAGA Films, consultez les pages <a href=\"http:\/\/sagafilms.fr\/index.php\/devenir-benevole\/\">Devenir b\u00e9n\u00e9vole<\/a> et <a href=\"http:\/\/sagafilms.fr\/index.php\/soumettre-un-projet\/\">Soumettre un projet<\/a>.<\/p>\n\n\n<div class=\"wpforms-container wpforms-container-full\" id=\"wpforms-364\"><form id=\"wpforms-form-364\" class=\"wpforms-validate wpforms-form\" data-formid=\"364\" method=\"post\" enctype=\"multipart\/form-data\" action=\"\/index.php\/wp-json\/wp\/v2\/pages\/97\"><div class=\"wpforms-field-container\"><div id=\"wpforms-364-field_3-container\" class=\"wpforms-field wpforms-field-name\" data-field-id=\"3\"><label class=\"wpforms-field-label\" for=\"wpforms-364-field_3\">Nom <span class=\"wpforms-required-label\">*<\/span><\/label><div class=\"wpforms-field-row wpforms-field-medium\"><div class=\"wpforms-field-row-block wpforms-first wpforms-one-half\"><input type=\"text\" id=\"wpforms-364-field_3\" class=\"wpforms-field-name-first wpforms-field-required\" name=\"wpforms[fields][3][first]\" required><label for=\"wpforms-364-field_3\" class=\"wpforms-field-sublabel after \">Pr\u00e9nom<\/label><\/div><div class=\"wpforms-field-row-block wpforms-one-half\"><input type=\"text\" id=\"wpforms-364-field_3-last\" class=\"wpforms-field-name-last wpforms-field-required\" name=\"wpforms[fields][3][last]\" required><label for=\"wpforms-364-field_3-last\" class=\"wpforms-field-sublabel after \">Nom<\/label><\/div><\/div><\/div><div id=\"wpforms-364-field_4-container\" class=\"wpforms-field wpforms-field-text\" data-field-id=\"4\"><label class=\"wpforms-field-label\" for=\"wpforms-364-field_4\">Adresse mail <span class=\"wpforms-required-label\">*<\/span><\/label><input type=\"text\" id=\"wpforms-364-field_4\" class=\"wpforms-field-large wpforms-field-required\" name=\"wpforms[fields][4]\" required><\/div><div id=\"wpforms-364-field_6-container\" class=\"wpforms-field wpforms-field-text wpforms-one-third wpforms-first\" data-field-id=\"6\"><label class=\"wpforms-field-label\" for=\"wpforms-364-field_6\">Num\u00e9ro de Rue <span class=\"wpforms-required-label\">*<\/span><\/label><input type=\"text\" id=\"wpforms-364-field_6\" class=\"wpforms-field-medium wpforms-field-required\" name=\"wpforms[fields][6]\" required><\/div><div id=\"wpforms-364-field_12-container\" class=\"wpforms-field wpforms-field-text wpforms-two-thirds\" data-field-id=\"12\"><label class=\"wpforms-field-label\" for=\"wpforms-364-field_12\">Rue <span class=\"wpforms-required-label\">*<\/span><\/label><input type=\"text\" id=\"wpforms-364-field_12\" class=\"wpforms-field-medium wpforms-field-required\" name=\"wpforms[fields][12]\" required><\/div><div id=\"wpforms-364-field_8-container\" class=\"wpforms-field wpforms-field-text wpforms-one-third wpforms-first\" data-field-id=\"8\"><label class=\"wpforms-field-label\" for=\"wpforms-364-field_8\">Code Postal <span class=\"wpforms-required-label\">*<\/span><\/label><input type=\"text\" id=\"wpforms-364-field_8\" class=\"wpforms-field-medium wpforms-field-required\" name=\"wpforms[fields][8]\" required><\/div><div id=\"wpforms-364-field_9-container\" class=\"wpforms-field wpforms-field-text wpforms-two-thirds\" data-field-id=\"9\"><label class=\"wpforms-field-label\" for=\"wpforms-364-field_9\">Ville <span class=\"wpforms-required-label\">*<\/span><\/label><input type=\"text\" id=\"wpforms-364-field_9\" class=\"wpforms-field-medium wpforms-field-required\" name=\"wpforms[fields][9]\" required><\/div><div id=\"wpforms-364-field_10-container\" class=\"wpforms-field wpforms-field-text\" data-field-id=\"10\"><label class=\"wpforms-field-label\" for=\"wpforms-364-field_10\">Pays<\/label><input type=\"text\" id=\"wpforms-364-field_10\" class=\"wpforms-field-large\" name=\"wpforms[fields][10]\" ><\/div><\/div><div class=\"wpforms-field wpforms-field-hp\"><label for=\"wpforms-field_hp\" class=\"wpforms-field-label\">Phone<\/label><input type=\"text\" name=\"wpforms[hp]\" id=\"wpforms-field_hp\" class=\"wpforms-field-medium\"><\/div><div class=\"wpforms-recaptcha-container\" ><div class=\"g-recaptcha\" data-sitekey=\"6LejEXQUAAAAAHo6tAWwbxDhni9oWw8HWdVUXowb\"><\/div><input type=\"text\" name=\"g-recaptcha-hidden\" class=\"wpforms-recaptcha-hidden\" style=\"position:absolute!important;clip:rect(0,0,0,0)!important;height:1px!important;width:1px!important;border:0!important;overflow:hidden!important;padding:0!important;margin:0!important;\" required><\/div><div class=\"wpforms-submit-container\" ><input type=\"hidden\" name=\"wpforms[id]\" value=\"364\"><input type=\"hidden\" name=\"wpforms[author]\" value=\"1\"><button type=\"submit\" name=\"wpforms[submit]\" class=\"wpforms-submit \" id=\"wpforms-submit-364\" value=\"wpforms-submit\" data-alt-text=\"Envoi en cours...\">Je deviens membre<\/button><\/div><\/form><\/div>","protected":false},"excerpt":{"rendered":"<p>Vous voulez devenir membre de SAGA Films, nous soutenir dans nos projets, nos d\u00e9marches\u00a0? Si ce n&rsquo;est pas encore fait, lisez d&rsquo;abord nos statuts. Comme vous le voyez, les membres de l\u2019association s\u2019engagent : \u00e0 apporter leur contribution \u00e0 la r\u00e9alisation de nos buts. \u00e0 ne rien faire qui soit<a class=\"moretag\" href=\"https:\/\/sagafilms.fr\/index.php\/devenir-membre\/\"> Lire la suite<\/a><\/p>\n","protected":false},"author":1,"featured_media":370,"parent":0,"menu_order":0,"comment_status":"closed","ping_status":"closed","template":"","meta":[],"_links":{"self":[{"href":"https:\/\/sagafilms.fr\/index.php\/wp-json\/wp\/v2\/pages\/97"}],"collection":[{"href":"https:\/\/sagafilms.fr\/index.php\/wp-json\/wp\/v2\/pages"}],"about":[{"href":"https:\/\/sagafilms.fr\/index.php\/wp-json\/wp\/v2\/types\/page"}],"author":[{"embeddable":true,"href":"https:\/\/sagafilms.fr\/index.php\/wp-json\/wp\/v2\/users\/1"}],"replies":[{"embeddable":true,"href":"https:\/\/sagafilms.fr\/index.php\/wp-json\/wp\/v2\/comments?post=97"}],"version-history":[{"count":13,"href":"https:\/\/sagafilms.fr\/index.php\/wp-json\/wp\/v2\/pages\/97\/revisions"}],"predecessor-version":[{"id":764,"href":"https:\/\/sagafilms.fr\/index.php\/wp-json\/wp\/v2\/pages\/97\/revisions\/764"}],"wp:featuredmedia":[{"embeddable":true,"href":"https:\/\/sagafilms.fr\/index.php\/wp-json\/wp\/v2\/media\/370"}],"wp:attachment":[{"href":"https:\/\/sagafilms.fr\/index.php\/wp-json\/wp\/v2\/media?parent=97"}],"curies":[{"name":"wp","href":"https:\/\/api.w.org\/{rel}","templated":true}]}}