{"id":950,"date":"2019-01-14T14:17:42","date_gmt":"2019-01-14T13:17:42","guid":{"rendered":"http:\/\/sagafilms.fr\/?page_id=950"},"modified":"2019-01-14T14:56:32","modified_gmt":"2019-01-14T13:56:32","slug":"lalchimiste-2","status":"publish","type":"page","link":"https:\/\/sagafilms.fr\/index.php\/lalchimiste-2\/","title":{"rendered":"L&rsquo;Alchimiste"},"content":{"rendered":"<p>Toulouse, 1450. Le vieil <strong>ALCHIMISTE<\/strong> Catala a myst\u00e9rieusement disparu. Pr\u00eat \u00e0 tout pour causer la chute de son rival <strong>JACQUES C\u0152UR<\/strong>, Otto Castellani, ma\u00eetre des finances de la ville, s&#8217;empare de cette banale affaire criminelle&#8230; pour plonger dans une enqu\u00eate bien plus <strong>DANGEREUSE<\/strong> qu&rsquo;il n&rsquo;aurait cru&#8230;<\/p>\n<div id=\"attachment_922\" style=\"width: 760px\" class=\"wp-caption aligncenter\"><img aria-describedby=\"caption-attachment-922\" loading=\"lazy\" src=\"http:\/\/sagafilms.fr\/wp-content\/uploads\/2018\/11\/74be54cbf5bce7ad0759a4a852f7055a-1024x768.jpg\" alt=\"\" width=\"750\" height=\"563\" class=\"wp-image-922 size-large\" srcset=\"https:\/\/sagafilms.fr\/wp-content\/uploads\/2018\/11\/74be54cbf5bce7ad0759a4a852f7055a-1024x768.jpg 1024w, https:\/\/sagafilms.fr\/wp-content\/uploads\/2018\/11\/74be54cbf5bce7ad0759a4a852f7055a-300x225.jpg 300w, https:\/\/sagafilms.fr\/wp-content\/uploads\/2018\/11\/74be54cbf5bce7ad0759a4a852f7055a-768x576.jpg 768w, https:\/\/sagafilms.fr\/wp-content\/uploads\/2018\/11\/74be54cbf5bce7ad0759a4a852f7055a.jpg 1200w\" sizes=\"(max-width: 750px) 100vw, 750px\" \/><p id=\"caption-attachment-922\" class=\"wp-caption-text\">\u00ab\u00a0L&rsquo;alchimiste d\u00e9couvrant le phosphore\u00a0\u00bb, d\u00e9tail du tableau de Joseph Wright (1771).<\/p><\/div>\n<h3>O\u00f9 en sommes-nous ?<\/h3>\n<p>Les contraintes de tournage de notre projet <a href=\"http:\/\/sagafilms.fr\/index.php\/le-chant-de-la-sorgues\/\" target=\"_blank\" rel=\"noopener\">Le chant de la Sorgues<\/a> nous obligent \u00e0 retarder la r\u00e9alisation de ce projet. Une nouvelle date de tournage sera fix\u00e9e ult\u00e9rieurement.<\/p>\n<p>Mais nous avons d\u00e9j\u00e0 quelques acquis : les <a href=\"http:\/\/www.bruniquel.fr\/decouvrir\/les-chateaux-de-bruniquel\/\" target=\"_blank\" rel=\"noopener\">ch\u00e2teaux de Bruniquel<\/a> serviront de lieu de tournage, gr\u00e2ce au soutien de la mairie de Bruniquel.<\/p>\n<p>Nous sommes \u00e9galement en n\u00e9gociation avec la troupe de reconstitution toulousaine&nbsp;<a href=\"https:\/\/www.facebook.com\/lionsdukent\/\" target=\"_blank\" rel=\"noopener\">Les Lions du Kent<\/a> pour constituer un partenariat qui assure l&rsquo;historicit\u00e9 de tous les \u00e9l\u00e9ments de d\u00e9cors pr\u00e9sent\u00e9s \u00e0 l&rsquo;\u00e9cran.<\/p>\n","protected":false},"excerpt":{"rendered":"<p>Toulouse, 1450. Le vieil ALCHIMISTE Catala a myst\u00e9rieusement disparu. Pr\u00eat \u00e0 tout pour causer la chute de son rival JACQUES C\u0152UR, Otto Castellani, ma\u00eetre des finances de la ville, s&#8217;empare de cette banale affaire criminelle&#8230; pour plonger dans une enqu\u00eate bien plus DANGEREUSE qu&rsquo;il n&rsquo;aurait cru&#8230; O\u00f9 en sommes-nous ?<a class=\"moretag\" href=\"https:\/\/sagafilms.fr\/index.php\/lalchimiste-2\/\"> Lire la suite<\/a><\/p>\n","protected":false},"author":2,"featured_media":0,"parent":0,"menu_order":0,"comment_status":"closed","ping_status":"closed","template":"","meta":[],"_links":{"self":[{"href":"https:\/\/sagafilms.fr\/index.php\/wp-json\/wp\/v2\/pages\/950"}],"collection":[{"href":"https:\/\/sagafilms.fr\/index.php\/wp-json\/wp\/v2\/pages"}],"about":[{"href":"https:\/\/sagafilms.fr\/index.php\/wp-json\/wp\/v2\/types\/page"}],"author":[{"embeddable":true,"href":"https:\/\/sagafilms.fr\/index.php\/wp-json\/wp\/v2\/users\/2"}],"replies":[{"embeddable":true,"href":"https:\/\/sagafilms.fr\/index.php\/wp-json\/wp\/v2\/comments?post=950"}],"version-history":[{"count":5,"href":"https:\/\/sagafilms.fr\/index.php\/wp-json\/wp\/v2\/pages\/950\/revisions"}],"predecessor-version":[{"id":970,"href":"https:\/\/sagafilms.fr\/index.php\/wp-json\/wp\/v2\/pages\/950\/revisions\/970"}],"wp:attachment":[{"href":"https:\/\/sagafilms.fr\/index.php\/wp-json\/wp\/v2\/media?parent=950"}],"curies":[{"name":"wp","href":"https:\/\/api.w.org\/{rel}","templated":true}]}}