{"id":834,"date":"2018-11-26T14:57:11","date_gmt":"2018-11-26T13:57:11","guid":{"rendered":"http:\/\/sagafilms.fr\/?page_id=834"},"modified":"2018-11-26T15:37:02","modified_gmt":"2018-11-26T14:37:02","slug":"institut-de-lengagement","status":"publish","type":"page","link":"https:\/\/sagafilms.fr\/index.php\/institut-de-lengagement\/","title":{"rendered":"Institut de l&rsquo;Engagement"},"content":{"rendered":"\n<figure class=\"wp-block-image\"><img loading=\"lazy\" width=\"1417\" height=\"709\" src=\"http:\/\/sagafilms.fr\/wp-content\/uploads\/2018\/11\/IDE_logo-bl2.jpg\" alt=\"\" class=\"wp-image-810\" srcset=\"https:\/\/sagafilms.fr\/wp-content\/uploads\/2018\/11\/IDE_logo-bl2.jpg 1417w, https:\/\/sagafilms.fr\/wp-content\/uploads\/2018\/11\/IDE_logo-bl2-300x150.jpg 300w, https:\/\/sagafilms.fr\/wp-content\/uploads\/2018\/11\/IDE_logo-bl2-768x384.jpg 768w, https:\/\/sagafilms.fr\/wp-content\/uploads\/2018\/11\/IDE_logo-bl2-1024x512.jpg 1024w\" sizes=\"(max-width: 1417px) 100vw, 1417px\" \/><\/figure>\n\n\n\n<p style=\"text-align:left\">L\u2019Institut de l\u2019Engagement est une association loi 1901 qui s\u2019adresse \u00e0 des volontaires rep\u00e9r\u00e9s pour leur potentiel, la qualit\u00e9 de leur engagement et l\u2019int\u00e9r\u00eat de leur projet d\u2019avenir. Il apporte un soutien personnalis\u00e9 pour permettre d\u2019acc\u00e9der \u00e0 des formations, des emplois, pour r\u00e9aliser ce potentiel. L\u2019Institut de l\u2019Engagement\u00a0s\u2019adresse tout autant aux \u00e9coles et aux entreprises qui souhaitent diversifier leur recrutement, sans renoncer \u00e0 leurs exigences d\u2019excellence.<\/p>\n\n\n\n<p>Voir le <a href=\"https:\/\/www.engagement.fr\/\" target=\"_blank\">site de l&rsquo;Institut<\/a>.<\/p>\n\n\n\n<p>Cl\u00e9ment Juarez, notre Secr\u00e9taire, vient d&rsquo;\u00eatre laur\u00e9at de l&rsquo;Institut\u00a0de l&rsquo;Engagement\u00a0pour la promotion Printemps 2019.<br\/>Ce prix r\u00e9compense son investissement au sein de l&rsquo;association\u00a0Du Moyen \u00c2ge \u00e0 nos jours, et reconna\u00eet la viabilit\u00e9 de son nouveau projet : participer \u00e0 SAGA Films ! L&rsquo;Institut mettra donc \u00e0 sa disposition des aides et contacts, pour assurer la bonne progression de notre association. Le parcours de Cl\u00e9ment se poursuit donc, avec pour double objectif de promouvoir l&rsquo;Histoire \u00e0 travers films et s\u00e9ries historiques et continuer ses travaux de recherches. Bravo \u00e0 lui !<\/p>\n","protected":false},"excerpt":{"rendered":"<p>L\u2019Institut de l\u2019Engagement est une association loi 1901 qui s\u2019adresse \u00e0 des volontaires rep\u00e9r\u00e9s pour leur potentiel, la qualit\u00e9 de leur engagement et l\u2019int\u00e9r\u00eat de leur projet d\u2019avenir. Il apporte un soutien personnalis\u00e9 pour permettre d\u2019acc\u00e9der \u00e0 des formations, des emplois, pour r\u00e9aliser ce potentiel. L\u2019Institut de l\u2019Engagement\u00a0s\u2019adresse tout autant<a class=\"moretag\" href=\"https:\/\/sagafilms.fr\/index.php\/institut-de-lengagement\/\"> Lire la suite<\/a><\/p>\n","protected":false},"author":2,"featured_media":0,"parent":0,"menu_order":0,"comment_status":"closed","ping_status":"closed","template":"","meta":[],"_links":{"self":[{"href":"https:\/\/sagafilms.fr\/index.php\/wp-json\/wp\/v2\/pages\/834"}],"collection":[{"href":"https:\/\/sagafilms.fr\/index.php\/wp-json\/wp\/v2\/pages"}],"about":[{"href":"https:\/\/sagafilms.fr\/index.php\/wp-json\/wp\/v2\/types\/page"}],"author":[{"embeddable":true,"href":"https:\/\/sagafilms.fr\/index.php\/wp-json\/wp\/v2\/users\/2"}],"replies":[{"embeddable":true,"href":"https:\/\/sagafilms.fr\/index.php\/wp-json\/wp\/v2\/comments?post=834"}],"version-history":[{"count":5,"href":"https:\/\/sagafilms.fr\/index.php\/wp-json\/wp\/v2\/pages\/834\/revisions"}],"predecessor-version":[{"id":878,"href":"https:\/\/sagafilms.fr\/index.php\/wp-json\/wp\/v2\/pages\/834\/revisions\/878"}],"wp:attachment":[{"href":"https:\/\/sagafilms.fr\/index.php\/wp-json\/wp\/v2\/media?parent=834"}],"curies":[{"name":"wp","href":"https:\/\/api.w.org\/{rel}","templated":true}]}}