{"id":566,"date":"2018-10-06T16:18:21","date_gmt":"2018-10-06T14:18:21","guid":{"rendered":"http:\/\/sagafilms.fr\/?page_id=566"},"modified":"2019-01-27T20:54:20","modified_gmt":"2019-01-27T19:54:20","slug":"batisseurs-medievaux","status":"publish","type":"page","link":"https:\/\/sagafilms.fr\/index.php\/batisseurs-medievaux\/","title":{"rendered":"Les B\u00e2tisseurs M\u00e9di\u00e9vaux"},"content":{"rendered":"\r\n<div class=\"wp-block-image\">\r\n<figure class=\"aligncenter\"><img loading=\"lazy\" width=\"117\" height=\"100\" src=\"http:\/\/sagafilms.fr\/wp-content\/uploads\/2018\/08\/logo-batisseurs.png\" alt=\"\" class=\"wp-image-65\"><\/figure>\r\n<\/div>\r\n\r\n\r\n\r\n<p style=\"font-size: 20px;\" class=\"has-drop-cap\">Les B\u00e2tisseurs M\u00e9di\u00e9vaux est une troupe \u00e9manant de l\u2019association \u00ab Du Moyen-\u00c2ge \u00e0 nos jours \u00bb. Ce sont des ouvriers sp\u00e9cialis\u00e9s qui ont acquis une exp\u00e9rience tout \u00e0 fait particuli\u00e8re. Pendant vingt ann\u00e9es, ils ont r\u00e9alis\u00e9, et r\u00e9alisent encore, des animations m\u00e9di\u00e9vales en de nombreux lieux de France, Suisse et Allemagne, en parall\u00e8le avec leurs activit\u00e9s professionnelles. Ils ont reconstitu\u00e9 des engins de construction du Moyen-\u00c2ge tels que : treuils \u00e0 tambour (ou cages \u00e0 \u00e9cureuil), roues \u00e0 \u00e9chelons, nacelles, l\u00e8ve-colonnes, pierri\u00e8res, bricoles\u2026 Mais aussi : des d\u00e9monstrations de mesure et g\u00e9om\u00e9trie anciennes, de charpente, de corderie, de taille de pierre, de montage d\u2019\u00e9chafaudages en bois\u2026<\/p>\r\n\r\n\r\n\r\n<p style=\"font-size: 20px;\">Plus d&rsquo;infos, voici des liens vers leur <a href=\"https:\/\/www.batisseurs-medievaux.fr\/\" target=\"_blank\" rel=\"noopener\">site<\/a>&nbsp;et leur <a href=\"https:\/\/www.facebook.com\/BatisseursMedievaux\/\" target=\"_blank\" rel=\"noopener\">facebook.<\/a><\/p>\r\n\r\n\r\n\r\n<ul class=\"wp-block-gallery columns-3 is-cropped\">\r\n \t<li class=\"blocks-gallery-item\">\r\n<figure><img loading=\"lazy\" width=\"960\" height=\"720\" src=\"http:\/\/sagafilms.fr\/wp-content\/uploads\/2018\/11\/1508509_591634927598883_814512590_n.jpg\" alt=\"\" data-id=\"869\" data-link=\"http:\/\/sagafilms.fr\/index.php\/batisseurs-medievaux\/1508509_591634927598883_814512590_n\/\" class=\"wp-image-869\" srcset=\"https:\/\/sagafilms.fr\/wp-content\/uploads\/2018\/11\/1508509_591634927598883_814512590_n.jpg 960w, https:\/\/sagafilms.fr\/wp-content\/uploads\/2018\/11\/1508509_591634927598883_814512590_n-300x225.jpg 300w, https:\/\/sagafilms.fr\/wp-content\/uploads\/2018\/11\/1508509_591634927598883_814512590_n-768x576.jpg 768w\" sizes=\"(max-width: 960px) 100vw, 960px\" \/><\/figure>\r\n<\/li>\r\n \t<li class=\"blocks-gallery-item\">\r\n<figure><img loading=\"lazy\" width=\"1280\" height=\"960\" src=\"http:\/\/sagafilms.fr\/wp-content\/uploads\/2018\/11\/19693408_1403245373104497_5689557534634652172_o.jpg\" alt=\"\" data-id=\"865\" data-link=\"http:\/\/sagafilms.fr\/index.php\/batisseurs-medievaux\/19693408_1403245373104497_5689557534634652172_o\/\" class=\"wp-image-865\" srcset=\"https:\/\/sagafilms.fr\/wp-content\/uploads\/2018\/11\/19693408_1403245373104497_5689557534634652172_o.jpg 1280w, https:\/\/sagafilms.fr\/wp-content\/uploads\/2018\/11\/19693408_1403245373104497_5689557534634652172_o-300x225.jpg 300w, https:\/\/sagafilms.fr\/wp-content\/uploads\/2018\/11\/19693408_1403245373104497_5689557534634652172_o-768x576.jpg 768w, https:\/\/sagafilms.fr\/wp-content\/uploads\/2018\/11\/19693408_1403245373104497_5689557534634652172_o-1024x768.jpg 1024w\" sizes=\"(max-width: 1280px) 100vw, 1280px\" \/><\/figure>\r\n<\/li>\r\n \t<li class=\"blocks-gallery-item\">\r\n<figure><img loading=\"lazy\" width=\"540\" height=\"960\" src=\"http:\/\/sagafilms.fr\/wp-content\/uploads\/2018\/11\/20953417_1448850898543944_2608968153620662570_n.jpg\" alt=\"\" data-id=\"866\" data-link=\"http:\/\/sagafilms.fr\/index.php\/batisseurs-medievaux\/20953417_1448850898543944_2608968153620662570_n\/\" class=\"wp-image-866\" srcset=\"https:\/\/sagafilms.fr\/wp-content\/uploads\/2018\/11\/20953417_1448850898543944_2608968153620662570_n.jpg 540w, https:\/\/sagafilms.fr\/wp-content\/uploads\/2018\/11\/20953417_1448850898543944_2608968153620662570_n-169x300.jpg 169w\" sizes=\"(max-width: 540px) 100vw, 540px\" \/><\/figure>\r\n<\/li>\r\n \t<li class=\"blocks-gallery-item\">\r\n<figure><img loading=\"lazy\" width=\"2048\" height=\"1152\" src=\"http:\/\/sagafilms.fr\/wp-content\/uploads\/2018\/11\/26170165_1564355556993477_3457810114418523968_o.jpg\" alt=\"\" data-id=\"867\" data-link=\"http:\/\/sagafilms.fr\/index.php\/batisseurs-medievaux\/26170165_1564355556993477_3457810114418523968_o\/\" class=\"wp-image-867\" srcset=\"https:\/\/sagafilms.fr\/wp-content\/uploads\/2018\/11\/26170165_1564355556993477_3457810114418523968_o.jpg 2048w, https:\/\/sagafilms.fr\/wp-content\/uploads\/2018\/11\/26170165_1564355556993477_3457810114418523968_o-300x169.jpg 300w, https:\/\/sagafilms.fr\/wp-content\/uploads\/2018\/11\/26170165_1564355556993477_3457810114418523968_o-768x432.jpg 768w, https:\/\/sagafilms.fr\/wp-content\/uploads\/2018\/11\/26170165_1564355556993477_3457810114418523968_o-1024x576.jpg 1024w\" sizes=\"(max-width: 2048px) 100vw, 2048px\" \/><\/figure>\r\n<\/li>\r\n \t<li class=\"blocks-gallery-item\">\r\n<figure><img loading=\"lazy\" width=\"536\" height=\"960\" src=\"http:\/\/sagafilms.fr\/wp-content\/uploads\/2018\/11\/36455633_1745089085586789_8163726140901425152_n.jpg\" alt=\"\" data-id=\"864\" data-link=\"http:\/\/sagafilms.fr\/index.php\/batisseurs-medievaux\/36455633_1745089085586789_8163726140901425152_n\/\" class=\"wp-image-864\" srcset=\"https:\/\/sagafilms.fr\/wp-content\/uploads\/2018\/11\/36455633_1745089085586789_8163726140901425152_n.jpg 536w, https:\/\/sagafilms.fr\/wp-content\/uploads\/2018\/11\/36455633_1745089085586789_8163726140901425152_n-168x300.jpg 168w\" sizes=\"(max-width: 536px) 100vw, 536px\" \/><\/figure>\r\n<\/li>\r\n<\/ul>\r\n","protected":false},"excerpt":{"rendered":"<p>Les B\u00e2tisseurs M\u00e9di\u00e9vaux est une troupe \u00e9manant de l\u2019association \u00ab Du Moyen-\u00c2ge \u00e0 nos jours \u00bb. Ce sont des ouvriers sp\u00e9cialis\u00e9s qui ont acquis une exp\u00e9rience tout \u00e0 fait particuli\u00e8re. Pendant vingt ann\u00e9es, ils ont r\u00e9alis\u00e9, et r\u00e9alisent encore, des animations m\u00e9di\u00e9vales en de nombreux lieux de France, Suisse et<a class=\"moretag\" href=\"https:\/\/sagafilms.fr\/index.php\/batisseurs-medievaux\/\"> Lire la suite<\/a><\/p>\n","protected":false},"author":1,"featured_media":370,"parent":0,"menu_order":0,"comment_status":"closed","ping_status":"closed","template":"","meta":[],"_links":{"self":[{"href":"https:\/\/sagafilms.fr\/index.php\/wp-json\/wp\/v2\/pages\/566"}],"collection":[{"href":"https:\/\/sagafilms.fr\/index.php\/wp-json\/wp\/v2\/pages"}],"about":[{"href":"https:\/\/sagafilms.fr\/index.php\/wp-json\/wp\/v2\/types\/page"}],"author":[{"embeddable":true,"href":"https:\/\/sagafilms.fr\/index.php\/wp-json\/wp\/v2\/users\/1"}],"replies":[{"embeddable":true,"href":"https:\/\/sagafilms.fr\/index.php\/wp-json\/wp\/v2\/comments?post=566"}],"version-history":[{"count":9,"href":"https:\/\/sagafilms.fr\/index.php\/wp-json\/wp\/v2\/pages\/566\/revisions"}],"predecessor-version":[{"id":984,"href":"https:\/\/sagafilms.fr\/index.php\/wp-json\/wp\/v2\/pages\/566\/revisions\/984"}],"wp:featuredmedia":[{"embeddable":true,"href":"https:\/\/sagafilms.fr\/index.php\/wp-json\/wp\/v2\/media\/370"}],"wp:attachment":[{"href":"https:\/\/sagafilms.fr\/index.php\/wp-json\/wp\/v2\/media?parent=566"}],"curies":[{"name":"wp","href":"https:\/\/api.w.org\/{rel}","templated":true}]}}