{"id":564,"date":"2018-10-06T16:16:47","date_gmt":"2018-10-06T14:16:47","guid":{"rendered":"http:\/\/sagafilms.fr\/?page_id=564"},"modified":"2019-01-27T20:56:12","modified_gmt":"2019-01-27T19:56:12","slug":"gesta-albigensis","status":"publish","type":"page","link":"https:\/\/sagafilms.fr\/index.php\/gesta-albigensis\/","title":{"rendered":"Gesta Albigensis"},"content":{"rendered":"\r\n<div class=\"wp-block-image\">\r\n<figure class=\"aligncenter\"><img loading=\"lazy\" width=\"250\" height=\"250\" src=\"http:\/\/sagafilms.fr\/wp-content\/uploads\/2018\/10\/Gesta_Albigensis.png\" alt=\"\" class=\"wp-image-563\" srcset=\"https:\/\/sagafilms.fr\/wp-content\/uploads\/2018\/10\/Gesta_Albigensis.png 250w, https:\/\/sagafilms.fr\/wp-content\/uploads\/2018\/10\/Gesta_Albigensis-150x150.png 150w\" sizes=\"(max-width: 250px) 100vw, 250px\" \/><\/figure>\r\n<\/div>\r\n\r\n\r\n\r\n<p style=\"font-size: 20px;\" class=\"has-drop-cap\">Gesta Albigensis r\u00e9unit des passionn\u00e9s d&rsquo;histoire au sein d&rsquo;une association de loi 1901.<\/p>\r\n<p style=\"font-size: 20px;\" class=\"has-drop-cap\">\u00ab\u00a0Notre but est la reconstitution, aussi fid\u00e8le que possible, de la soci\u00e9t\u00e9 Occitane et Aragonaise, qu&rsquo;elle soit civile ou combattante, au temps de la croisade contre les Albigeois (1209-1244).\r\nLa reconstitution historique est un long travail de recherche des sources (enluminures, statuaires, textes, pi\u00e8ces arch\u00e9ologiques, etc.) puis de la reproduction fid\u00e8le des objets, v\u00eatements, armements jusque dans leurs mat\u00e9riaux et leur fabrication.\r\nNous profitons des f\u00eates m\u00e9di\u00e9vales pour pr\u00e9senter le r\u00e9sultat de nos recherches au public et participons \u00e9galement \u00e0 des rassemblements priv\u00e9s o\u00f9 nous \u00e9changeons avec d&rsquo;autres reconstitueurs et changeons alors de si\u00e8cle, l&rsquo;espace de quelques jours.\u00a0\u00bb<\/p>\r\n\r\n\r\n\r\n<p style=\"font-size: 20px;\">Plus d&rsquo;infos : <a href=\"http:\/\/www.gesta-albigensis.com\" target=\"_blank\" rel=\"noopener\">Gesta Albigensis<\/a><\/p>\r\n\r\n\r\n\r\n<ul class=\"wp-block-gallery columns-3 is-cropped\">\r\n \t<li class=\"blocks-gallery-item\">\r\n<figure><img loading=\"lazy\" width=\"499\" height=\"333\" src=\"http:\/\/sagafilms.fr\/wp-content\/uploads\/2018\/11\/atelier_chevalerie.jpg\" alt=\"\" data-id=\"872\" data-link=\"http:\/\/sagafilms.fr\/index.php\/gesta-albigensis\/atelier_chevalerie\/\" class=\"wp-image-872\" srcset=\"https:\/\/sagafilms.fr\/wp-content\/uploads\/2018\/11\/atelier_chevalerie.jpg 499w, https:\/\/sagafilms.fr\/wp-content\/uploads\/2018\/11\/atelier_chevalerie-300x200.jpg 300w, https:\/\/sagafilms.fr\/wp-content\/uploads\/2018\/11\/atelier_chevalerie-360x240.jpg 360w\" sizes=\"(max-width: 499px) 100vw, 499px\" \/><\/figure>\r\n<\/li>\r\n \t<li class=\"blocks-gallery-item\">\r\n<figure><img loading=\"lazy\" width=\"500\" height=\"333\" src=\"http:\/\/sagafilms.fr\/wp-content\/uploads\/2018\/11\/atelier_enluminure.jpg\" alt=\"\" data-id=\"873\" data-link=\"http:\/\/sagafilms.fr\/index.php\/gesta-albigensis\/atelier_enluminure\/\" class=\"wp-image-873\" srcset=\"https:\/\/sagafilms.fr\/wp-content\/uploads\/2018\/11\/atelier_enluminure.jpg 500w, https:\/\/sagafilms.fr\/wp-content\/uploads\/2018\/11\/atelier_enluminure-300x200.jpg 300w, https:\/\/sagafilms.fr\/wp-content\/uploads\/2018\/11\/atelier_enluminure-360x240.jpg 360w\" sizes=\"(max-width: 500px) 100vw, 500px\" \/><\/figure>\r\n<\/li>\r\n \t<li class=\"blocks-gallery-item\">\r\n<figure><img loading=\"lazy\" width=\"500\" height=\"333\" src=\"http:\/\/sagafilms.fr\/wp-content\/uploads\/2018\/11\/atelier_paysannerie.jpg\" alt=\"\" data-id=\"875\" data-link=\"http:\/\/sagafilms.fr\/index.php\/gesta-albigensis\/atelier_paysannerie\/\" class=\"wp-image-875\" srcset=\"https:\/\/sagafilms.fr\/wp-content\/uploads\/2018\/11\/atelier_paysannerie.jpg 500w, https:\/\/sagafilms.fr\/wp-content\/uploads\/2018\/11\/atelier_paysannerie-300x200.jpg 300w, https:\/\/sagafilms.fr\/wp-content\/uploads\/2018\/11\/atelier_paysannerie-360x240.jpg 360w\" sizes=\"(max-width: 500px) 100vw, 500px\" \/><\/figure>\r\n<\/li>\r\n \t<li class=\"blocks-gallery-item\">\r\n<figure><img loading=\"lazy\" width=\"500\" height=\"333\" src=\"http:\/\/sagafilms.fr\/wp-content\/uploads\/2018\/11\/atelier_reliure.jpg\" alt=\"\" data-id=\"874\" data-link=\"http:\/\/sagafilms.fr\/index.php\/gesta-albigensis\/atelier_reliure\/\" class=\"wp-image-874\" srcset=\"https:\/\/sagafilms.fr\/wp-content\/uploads\/2018\/11\/atelier_reliure.jpg 500w, https:\/\/sagafilms.fr\/wp-content\/uploads\/2018\/11\/atelier_reliure-300x200.jpg 300w, https:\/\/sagafilms.fr\/wp-content\/uploads\/2018\/11\/atelier_reliure-360x240.jpg 360w\" sizes=\"(max-width: 500px) 100vw, 500px\" \/><\/figure>\r\n<\/li>\r\n<\/ul>\r\n\r\n\r\n\r\n\r\n<a href=\"http:\/\/www.gesta-albigensis.com\" target=\"_blank\" rel=\"noopener\"><\/a>\r\n\r\n","protected":false},"excerpt":{"rendered":"<p>Gesta Albigensis r\u00e9unit des passionn\u00e9s d&rsquo;histoire au sein d&rsquo;une association de loi 1901. \u00ab\u00a0Notre but est la reconstitution, aussi fid\u00e8le que possible, de la soci\u00e9t\u00e9 Occitane et Aragonaise, qu&rsquo;elle soit civile ou combattante, au temps de la croisade contre les Albigeois (1209-1244). La reconstitution historique est un long travail de<a class=\"moretag\" href=\"https:\/\/sagafilms.fr\/index.php\/gesta-albigensis\/\"> Lire la suite<\/a><\/p>\n","protected":false},"author":1,"featured_media":370,"parent":0,"menu_order":0,"comment_status":"closed","ping_status":"closed","template":"","meta":[],"_links":{"self":[{"href":"https:\/\/sagafilms.fr\/index.php\/wp-json\/wp\/v2\/pages\/564"}],"collection":[{"href":"https:\/\/sagafilms.fr\/index.php\/wp-json\/wp\/v2\/pages"}],"about":[{"href":"https:\/\/sagafilms.fr\/index.php\/wp-json\/wp\/v2\/types\/page"}],"author":[{"embeddable":true,"href":"https:\/\/sagafilms.fr\/index.php\/wp-json\/wp\/v2\/users\/1"}],"replies":[{"embeddable":true,"href":"https:\/\/sagafilms.fr\/index.php\/wp-json\/wp\/v2\/comments?post=564"}],"version-history":[{"count":5,"href":"https:\/\/sagafilms.fr\/index.php\/wp-json\/wp\/v2\/pages\/564\/revisions"}],"predecessor-version":[{"id":987,"href":"https:\/\/sagafilms.fr\/index.php\/wp-json\/wp\/v2\/pages\/564\/revisions\/987"}],"wp:featuredmedia":[{"embeddable":true,"href":"https:\/\/sagafilms.fr\/index.php\/wp-json\/wp\/v2\/media\/370"}],"wp:attachment":[{"href":"https:\/\/sagafilms.fr\/index.php\/wp-json\/wp\/v2\/media?parent=564"}],"curies":[{"name":"wp","href":"https:\/\/api.w.org\/{rel}","templated":true}]}}