{"id":392,"date":"2018-09-30T20:20:01","date_gmt":"2018-09-30T18:20:01","guid":{"rendered":"http:\/\/sagafilms.fr\/?page_id=392"},"modified":"2018-10-08T11:43:37","modified_gmt":"2018-10-08T09:43:37","slug":"soumettre-un-projet","status":"publish","type":"page","link":"https:\/\/sagafilms.fr\/index.php\/soumettre-un-projet\/","title":{"rendered":"Soumettre un projet"},"content":{"rendered":"\n<p style=\"font-size:20px\">SAGA Films a pour vocation de faire d\u00e9couvrir au plus grand nombre le patrimoine historique qui lui tient r\u00e9ellement \u00e0 c\u0153ur. Nos projets, ce sont aussi les v\u00f4tres\u00a0! Assurez-vous que votre proposition corresponde \u00e0 <a href=\"http:\/\/sagafilms.fr\/index.php\/nos-statuts\/\">nos statuts<\/a>.<\/p>\n\n\n\n<div class=\"wp-block-image\"><figure class=\"aligncenter\"><img loading=\"lazy\" width=\"5183\" height=\"2017\" src=\"http:\/\/sagafilms.fr\/wp-content\/uploads\/2018\/10\/Page-4-\u2013-soumettre-un-projet-Un-projet-Battez-le-fer-tant-quil-est-chaud-2-min.jpg\" alt=\"\" class=\"wp-image-684\" srcset=\"https:\/\/sagafilms.fr\/wp-content\/uploads\/2018\/10\/Page-4-\u2013-soumettre-un-projet-Un-projet-Battez-le-fer-tant-quil-est-chaud-2-min.jpg 5183w, https:\/\/sagafilms.fr\/wp-content\/uploads\/2018\/10\/Page-4-\u2013-soumettre-un-projet-Un-projet-Battez-le-fer-tant-quil-est-chaud-2-min-300x117.jpg 300w, https:\/\/sagafilms.fr\/wp-content\/uploads\/2018\/10\/Page-4-\u2013-soumettre-un-projet-Un-projet-Battez-le-fer-tant-quil-est-chaud-2-min-768x299.jpg 768w, https:\/\/sagafilms.fr\/wp-content\/uploads\/2018\/10\/Page-4-\u2013-soumettre-un-projet-Un-projet-Battez-le-fer-tant-quil-est-chaud-2-min-1024x398.jpg 1024w\" sizes=\"(max-width: 5183px) 100vw, 5183px\" \/><figcaption><em>Un projet ? Battez le fer tant qu&rsquo;il est chaud !<\/em><\/figcaption><\/figure><\/div>\n\n\n\n<h3><strong>Qui\u00a0?<\/strong><\/h3>\n\n\n\n<ul><li>Vous \u00eates auteur, inspir\u00e9, passionn\u00e9 par un fait historique\u00a0?<\/li><li>Vous \u00eates porteur d&rsquo;un projet, mais avez besoin de notre aide\u00a0? <\/li><li>Vous \u00eates un propri\u00e9taire qui d\u00e9sire mettre en valeur son site historique\u00a0? <\/li><li>Vous \u00eates un organisateur qui d\u00e9sire promouvoir son association, sa troupe de reconstitution\u00a0? <\/li><li>Vous avez besoin de photographies, de vid\u00e9os pour couvrir un \u00e9v\u00e9nement ayant trait \u00e0 l&rsquo;histoire\u00a0? <\/li><\/ul>\n\n\n\n<p style=\"font-size:20px\">Contactez-nous\u00a0! Nous vous apporterons notre aide\u00a0: technique, relecture, r\u00e9seau, conseil, consultant historique, etc.<\/p>\n\n\n\n<div style=\"height:100px\" aria-hidden=\"true\" class=\"wp-block-spacer\"><\/div>\n\n\n\n<h3><strong>Quels projets\u00a0?<\/strong><\/h3>\n\n\n\n<p style=\"font-size:20px\">Tout est r\u00e9alisable, pour autant que l&rsquo;on\nse donne le temps et les moyens de le faire. Toutefois, SAGA Films ne pourra\nsoutenir les projets correspondants \u00e0 ses buts\u00a0:<\/p>\n\n\n\n<ul><li>Le respect de l&rsquo;histoire de France. Bien entendu nous acceptons des sc\u00e8nes fantastiques, ou se d\u00e9roulant loin de la France. On reste dans la fiction\u00a0! Mais l&rsquo;essentiel de votre projet doit n\u00e9anmoins concerner un temps et un espace donn\u00e9.<\/li><li>Une repr\u00e9sentation r\u00e9aliste et objective de cette histoire. Soutenus par la recherche historique moderne, nous travaillerons toujours pour que les projets ne soient pas le fruit d&rsquo;une vision trop tronqu\u00e9e ou partisane de l&rsquo;Histoire. Bien s\u00fbr, l&rsquo;histoire est toujours le fruit d&rsquo;une reconstitution, et donc d&rsquo;une interpr\u00e9tation.<\/li><li>Un format court ou un documentaire\u00a0: pour le moment, un long-m\u00e9trage de fiction repr\u00e9senterait un projet trop lourd \u00e0 porter pour notre association\u00a0!<\/li><li>Un projet s\u00e9rieux et en \u00e9tat d&rsquo;avancement\u00a0: plus votre travail sera \u00e9toff\u00e9, plus il retiendra notre attention. T\u00e2chez d&rsquo;avancer dans vos recherches (contexte et personnages historiques, etc.), dans votre \u00e9criture (synopsis d\u00e9taill\u00e9, s\u00e9quencier, voire dialogues), et dans votre r\u00e9flexion (Avez-vous d\u00e9j\u00e0 des id\u00e9es de casting, d&rsquo;ambiance, de lieu de tournage, de musique?) Plus vous nous donnerez de mati\u00e8re, plus\u00a0<strong><em>l&rsquo;univers\u00a0<\/em><\/strong>de votre projet sera perceptible. Si vous \u00eates \u00e0 l&rsquo;aise, avancez le plus possible. Si au contraire ces \u00e9tapes vous posent probl\u00e8me, contactez-nous\u00a0! Nous serons ravis de vous conseiller ou de vous fournir une assistance pour l&rsquo;\u00e9criture.<\/li><\/ul>\n\n\n\n<div style=\"height:100px\" aria-hidden=\"true\" class=\"wp-block-spacer\"><\/div>\n\n\n\n<h3><strong>Quels registres\u00a0?<\/strong><\/h3>\n\n\n\n<p style=\"font-size:20px\">Tous (ou presque)\u00a0! Comique,\nadaptation d&rsquo;une \u0153uvre, tragique, \u00e9pique, aventure, action, fantastique,\njeunesse, m\u00e9moires, documentaire, biopic, chroniques, sketchs, s\u00e9rie,\ncourt-m\u00e9trage, thriller, etc. Ne vous limitez pas \u00e0 cela\u00a0!<\/p>\n\n\n\n<p style=\"font-size:20px\">De la m\u00eame fa\u00e7on, SAGA Films n&rsquo;a pour\nl&rsquo;instant que des projets sur l&rsquo;histoire m\u00e9di\u00e9vale de la r\u00e9gion Occitanie. Ce\nserait dommage de se limiter \u00e0 \u00e7a\u00a0! Alors, toutes les \u00e9poques et toutes\nles r\u00e9gions peuvent \u00eatre trait\u00e9es.<\/p>\n\n\n\n<p><em>Nota bene<\/em>\u00a0:\nCertains registres ne conviennent toutefois pas \u00e0 nos buts, le plus \u00e9vident\n\u00e9tant le merveilleux.<\/p>\n\n\n\n<div style=\"height:100px\" aria-hidden=\"true\" class=\"wp-block-spacer\"><\/div>\n\n\n\n<h3><strong>Quels crit\u00e8res\u00a0?<\/strong><\/h3>\n\n\n\n<p style=\"font-size:20px\">Tant de facteurs jouent pour faire un film\u00a0! Une \u00e9bauche peut aboutir, et un travail avanc\u00e9, un projet bien avanc\u00e9 peut \u00e9chouer, et une simple \u00e9bauche, aboutir. Gardez \u00e0 l&rsquo;esprit que<\/p>\n\n\n\n<hr class=\"wp-block-separator\"\/>\n\n\n\n<p style=\"font-size:25px;text-align:center\">SAGA Films<em> soutiendra<\/em> <strong><em>toujours<\/em><\/strong><em>,\u00a0<\/em><em><br\/><\/em><em>dans la mesure de ses\u00a0<\/em><strong><em><strong><em>moyens,\u00a0<br\/><\/em><\/strong><\/em><\/strong><em><em>les projets qui r\u00e9pondent \u00e0 ses\u00a0<\/em><\/em><em><em><strong><em>fins<\/em><\/strong><\/em><\/em>&#8230;<\/p>\n\n\n\n<hr class=\"wp-block-separator\"\/>\n\n\n\n<p style=\"font-size:20px\">L&rsquo;histoire de France, les m\u00e9tiers de\nl&rsquo;histoire et du cin\u00e9ma, la transmission, le terroir&#8230; Cela correspond \u00e0 votre\nprojet\u00a0? Alors n\u2019h\u00e9sitez plus\u00a0: contactez-nous, et nous vous\nr\u00e9pondrons toujours\u00a0!<\/p>\n\n\n\n<div style=\"height:100px\" aria-hidden=\"true\" class=\"wp-block-spacer\"><\/div>\n\n\n\n<h3><strong>Renseignez-vous\u00a0:<\/strong><\/h3>\n\n\n\n<p style=\"font-size:20px\">Pour r\u00e9aliser votre projet avec nous, vous devrez forc\u00e9ment y travailler b\u00e9n\u00e9volement. Et peut-\u00eatre voudrez-vous m\u00eame devenir membre de SAGA Films. Consultez les pages <a href=\"http:\/\/sagafilms.fr\/index.php\/devenir-benevole\/\">Devenir b\u00e9n\u00e9vole<\/a> et <a href=\"http:\/\/sagafilms.fr\/index.php\/devenir-membre\/\">Devenir membre<\/a>.<\/p>\n\n\n\n<div class=\"wp-block-image\"><figure class=\"aligncenter\"><img loading=\"lazy\" width=\"5616\" height=\"3744\" src=\"http:\/\/sagafilms.fr\/wp-content\/uploads\/2018\/10\/Page-4-\u2013-soumettre-un-projet-\u2013-l\u00e9quipe-de-saga-au-c\u0153ur-de-laction-min.jpg\" alt=\"\" class=\"wp-image-683\" srcset=\"https:\/\/sagafilms.fr\/wp-content\/uploads\/2018\/10\/Page-4-\u2013-soumettre-un-projet-\u2013-l\u00e9quipe-de-saga-au-c\u0153ur-de-laction-min.jpg 5616w, https:\/\/sagafilms.fr\/wp-content\/uploads\/2018\/10\/Page-4-\u2013-soumettre-un-projet-\u2013-l\u00e9quipe-de-saga-au-c\u0153ur-de-laction-min-300x200.jpg 300w, https:\/\/sagafilms.fr\/wp-content\/uploads\/2018\/10\/Page-4-\u2013-soumettre-un-projet-\u2013-l\u00e9quipe-de-saga-au-c\u0153ur-de-laction-min-768x512.jpg 768w, https:\/\/sagafilms.fr\/wp-content\/uploads\/2018\/10\/Page-4-\u2013-soumettre-un-projet-\u2013-l\u00e9quipe-de-saga-au-c\u0153ur-de-laction-min-1024x683.jpg 1024w, https:\/\/sagafilms.fr\/wp-content\/uploads\/2018\/10\/Page-4-\u2013-soumettre-un-projet-\u2013-l\u00e9quipe-de-saga-au-c\u0153ur-de-laction-min-360x240.jpg 360w\" sizes=\"(max-width: 5616px) 100vw, 5616px\" \/><figcaption><em>L&rsquo;\u00e9quipe de SAGA Films au coeur de l&rsquo;action !<\/em><\/figcaption><\/figure><\/div>\n\n\n<div class=\"wpforms-container wpforms-container-full\" id=\"wpforms-391\"><form id=\"wpforms-form-391\" class=\"wpforms-validate wpforms-form\" data-formid=\"391\" method=\"post\" enctype=\"multipart\/form-data\" action=\"\/index.php\/wp-json\/wp\/v2\/pages\/392\"><div class=\"wpforms-field-container\"><div id=\"wpforms-391-field_5-container\" class=\"wpforms-field wpforms-field-name\" data-field-id=\"5\"><label class=\"wpforms-field-label\" for=\"wpforms-391-field_5\">Nom <span class=\"wpforms-required-label\">*<\/span><\/label><div class=\"wpforms-field-row wpforms-field-medium\"><div class=\"wpforms-field-row-block wpforms-first wpforms-one-half\"><input type=\"text\" id=\"wpforms-391-field_5\" class=\"wpforms-field-name-first wpforms-field-required\" name=\"wpforms[fields][5][first]\" required><label for=\"wpforms-391-field_5\" class=\"wpforms-field-sublabel after \">Pr\u00e9nom<\/label><\/div><div class=\"wpforms-field-row-block wpforms-one-half\"><input type=\"text\" id=\"wpforms-391-field_5-last\" class=\"wpforms-field-name-last wpforms-field-required\" name=\"wpforms[fields][5][last]\" required><label for=\"wpforms-391-field_5-last\" class=\"wpforms-field-sublabel after \">Nom<\/label><\/div><\/div><\/div><div id=\"wpforms-391-field_2-container\" class=\"wpforms-field wpforms-field-email\" data-field-id=\"2\"><label class=\"wpforms-field-label\" for=\"wpforms-391-field_2\">Votre adresse e-mail <span class=\"wpforms-required-label\">*<\/span><\/label><input type=\"email\" id=\"wpforms-391-field_2\" class=\"wpforms-field-medium wpforms-field-required\" name=\"wpforms[fields][2]\" required><\/div><div id=\"wpforms-391-field_3-container\" class=\"wpforms-field wpforms-field-text\" data-field-id=\"3\"><label class=\"wpforms-field-label\" for=\"wpforms-391-field_3\">Objet du projet <span class=\"wpforms-required-label\">*<\/span><\/label><input type=\"text\" id=\"wpforms-391-field_3\" class=\"wpforms-field-medium wpforms-field-required\" name=\"wpforms[fields][3]\" required><\/div><div id=\"wpforms-391-field_4-container\" class=\"wpforms-field wpforms-field-textarea\" data-field-id=\"4\"><label class=\"wpforms-field-label\" for=\"wpforms-391-field_4\">Descriptif rapide du projet <span class=\"wpforms-required-label\">*<\/span><\/label><textarea id=\"wpforms-391-field_4\" class=\"wpforms-field-medium wpforms-field-required\" name=\"wpforms[fields][4]\" required><\/textarea><\/div><\/div><div class=\"wpforms-field wpforms-field-hp\"><label for=\"wpforms-field_hp\" class=\"wpforms-field-label\">Phone<\/label><input type=\"text\" name=\"wpforms[hp]\" id=\"wpforms-field_hp\" class=\"wpforms-field-medium\"><\/div><div class=\"wpforms-recaptcha-container\" ><div class=\"g-recaptcha\" data-sitekey=\"6LejEXQUAAAAAHo6tAWwbxDhni9oWw8HWdVUXowb\"><\/div><input type=\"text\" name=\"g-recaptcha-hidden\" class=\"wpforms-recaptcha-hidden\" style=\"position:absolute!important;clip:rect(0,0,0,0)!important;height:1px!important;width:1px!important;border:0!important;overflow:hidden!important;padding:0!important;margin:0!important;\" required><\/div><div class=\"wpforms-submit-container\" ><input type=\"hidden\" name=\"wpforms[id]\" value=\"391\"><input type=\"hidden\" name=\"wpforms[author]\" value=\"1\"><button type=\"submit\" name=\"wpforms[submit]\" class=\"wpforms-submit \" id=\"wpforms-submit-391\" value=\"wpforms-submit\" data-alt-text=\"Envoi en cours...\">Soumettre mon projet<\/button><\/div><\/form><\/div>","protected":false},"excerpt":{"rendered":"<p>SAGA Films a pour vocation de faire d\u00e9couvrir au plus grand nombre le patrimoine historique qui lui tient r\u00e9ellement \u00e0 c\u0153ur. Nos projets, ce sont aussi les v\u00f4tres\u00a0! Assurez-vous que votre proposition corresponde \u00e0 nos statuts. Qui\u00a0? Vous \u00eates auteur, inspir\u00e9, passionn\u00e9 par un fait historique\u00a0? Vous \u00eates porteur d&rsquo;un<a class=\"moretag\" href=\"https:\/\/sagafilms.fr\/index.php\/soumettre-un-projet\/\"> Lire la suite<\/a><\/p>\n","protected":false},"author":1,"featured_media":0,"parent":0,"menu_order":0,"comment_status":"closed","ping_status":"closed","template":"","meta":[],"_links":{"self":[{"href":"https:\/\/sagafilms.fr\/index.php\/wp-json\/wp\/v2\/pages\/392"}],"collection":[{"href":"https:\/\/sagafilms.fr\/index.php\/wp-json\/wp\/v2\/pages"}],"about":[{"href":"https:\/\/sagafilms.fr\/index.php\/wp-json\/wp\/v2\/types\/page"}],"author":[{"embeddable":true,"href":"https:\/\/sagafilms.fr\/index.php\/wp-json\/wp\/v2\/users\/1"}],"replies":[{"embeddable":true,"href":"https:\/\/sagafilms.fr\/index.php\/wp-json\/wp\/v2\/comments?post=392"}],"version-history":[{"count":13,"href":"https:\/\/sagafilms.fr\/index.php\/wp-json\/wp\/v2\/pages\/392\/revisions"}],"predecessor-version":[{"id":761,"href":"https:\/\/sagafilms.fr\/index.php\/wp-json\/wp\/v2\/pages\/392\/revisions\/761"}],"wp:attachment":[{"href":"https:\/\/sagafilms.fr\/index.php\/wp-json\/wp\/v2\/media?parent=392"}],"curies":[{"name":"wp","href":"https:\/\/api.w.org\/{rel}","templated":true}]}}