{"id":378,"date":"2018-09-30T18:26:19","date_gmt":"2018-09-30T16:26:19","guid":{"rendered":"http:\/\/sagafilms.fr\/?page_id=378"},"modified":"2018-11-26T16:12:59","modified_gmt":"2018-11-26T15:12:59","slug":"participer","status":"publish","type":"page","link":"https:\/\/sagafilms.fr\/index.php\/participer\/","title":{"rendered":"Participer"},"content":{"rendered":"\n<p style=\"font-size:20px\">Parce que dans une association, il y a plusieurs fa\u00e7on de contribuer :<\/p>\n\n\n\n<h3><a href=\"http:\/\/sagafilms.fr\/index.php\/devenir-membre\/\"><strong>Devenir membre<\/strong><\/a><\/h3>\n\n\n\n<p style=\"font-size:20px\">Le <a href=\"http:\/\/sagafilms.fr\/index.php\/devenir-membre\/\" target=\"_blank\">membre<\/a> est la cellule de base d&rsquo;une association\u00a0: il s&rsquo;engage envers elle en payant une cotisation et en respectant ses statuts, et elle s&rsquo;engage envers lui en l&rsquo;informant de ses progr\u00e8s, en le faisant participer \u00e0 certaines d\u00e9marches et prises de d\u00e9cision. L&rsquo;association devient ainsi une communaut\u00e9 de membres, r\u00e9unis par la m\u00eame passion\u00a0!<\/p>\n\n\n\n<h3><a href=\"http:\/\/sagafilms.fr\/index.php\/devenir-benevole\/\"><strong>Devenir B\u00e9n\u00e9vole<\/strong><\/a><\/h3>\n\n\n\n<p style=\"font-size:20px\">Dans une association, vous pouvez <a href=\"http:\/\/sagafilms.fr\/index.php\/devenir-benevole\/\" target=\"_blank\">participer<\/a> sans pour autant \u00eatre membre\u00a0: SAGA Films a de nombreux besoins, auxquels vous pourriez r\u00e9pondre sans pour autant vous engager avec nous. C&rsquo;est le cas par exemple de nos relecteurs, des professionnels de l&rsquo;histoire et du cin\u00e9ma qui corrigent nos scripts de fa\u00e7on ponctuelle, mais qui ont trop de projets les concernant pour devenir membres de SAGA Films.<\/p>\n\n\n\n<h3><a href=\"http:\/\/sagafilms.fr\/index.php\/soumettre-un-projet\/\"><strong>Soumettre un projet<\/strong><\/a><\/h3>\n\n\n\n<p style=\"font-size:20px\">Membre ou non, toute personne peut d\u00e9cider de <a href=\"http:\/\/sagafilms.fr\/index.php\/soumettre-un-projet\/\" target=\"_blank\">pr\u00e9senter un projet<\/a> de film historique \u00e0 SAGA Films. Cela comprend des bandes-annonces, court-m\u00e9trages, couverture d&rsquo;un \u00e9v\u00e9nement, film promotionnel pour un site, une troupe, un \u00e9v\u00e9nement&#8230; Pour que nous prenions les choses en main ou que nous vous apportions conseil et assistance,\u00a0 nous sommes \u00e0 votre disposition\u00a0!<\/p>\n\n\n\n<div style=\"height:100px\" aria-hidden=\"true\" class=\"wp-block-spacer\"><\/div>\n\n\n\n<p style=\"font-size:20px\"><strong>Lisez <a href=\"http:\/\/sagafilms.fr\/index.php\/nos-statuts\/\">nos statuts<\/a>, il est important de conna\u00eetre les buts de SAGA Films, que ce soit pour y adh\u00e9rer, pour aider \u00e0 leur r\u00e9alisation, ou pour pr\u00e9senter un projet d&rsquo;\u0153uvre qui y corresponde\u00a0!<\/strong><\/p>\n\n\n\n<div style=\"height:100px\" aria-hidden=\"true\" class=\"wp-block-spacer\"><\/div>\n","protected":false},"excerpt":{"rendered":"<p>Parce que dans une association, il y a plusieurs fa\u00e7on de contribuer : Devenir membre Le membre est la cellule de base d&rsquo;une association\u00a0: il s&rsquo;engage envers elle en payant une cotisation et en respectant ses statuts, et elle s&rsquo;engage envers lui en l&rsquo;informant de ses progr\u00e8s, en le faisant<a class=\"moretag\" href=\"https:\/\/sagafilms.fr\/index.php\/participer\/\"> Lire la suite<\/a><\/p>\n","protected":false},"author":1,"featured_media":0,"parent":0,"menu_order":0,"comment_status":"closed","ping_status":"closed","template":"","meta":[],"_links":{"self":[{"href":"https:\/\/sagafilms.fr\/index.php\/wp-json\/wp\/v2\/pages\/378"}],"collection":[{"href":"https:\/\/sagafilms.fr\/index.php\/wp-json\/wp\/v2\/pages"}],"about":[{"href":"https:\/\/sagafilms.fr\/index.php\/wp-json\/wp\/v2\/types\/page"}],"author":[{"embeddable":true,"href":"https:\/\/sagafilms.fr\/index.php\/wp-json\/wp\/v2\/users\/1"}],"replies":[{"embeddable":true,"href":"https:\/\/sagafilms.fr\/index.php\/wp-json\/wp\/v2\/comments?post=378"}],"version-history":[{"count":10,"href":"https:\/\/sagafilms.fr\/index.php\/wp-json\/wp\/v2\/pages\/378\/revisions"}],"predecessor-version":[{"id":903,"href":"https:\/\/sagafilms.fr\/index.php\/wp-json\/wp\/v2\/pages\/378\/revisions\/903"}],"wp:attachment":[{"href":"https:\/\/sagafilms.fr\/index.php\/wp-json\/wp\/v2\/media?parent=378"}],"curies":[{"name":"wp","href":"https:\/\/api.w.org\/{rel}","templated":true}]}}