{"id":376,"date":"2018-09-30T18:24:25","date_gmt":"2018-09-30T16:24:25","guid":{"rendered":"http:\/\/sagafilms.fr\/?page_id=376"},"modified":"2019-01-27T20:51:41","modified_gmt":"2019-01-27T19:51:41","slug":"le-temps-des-juges","status":"publish","type":"page","link":"https:\/\/sagafilms.fr\/index.php\/le-temps-des-juges\/","title":{"rendered":"Le Temps des Juges"},"content":{"rendered":"\r\n<p style=\"font-size: 20px;\" class=\"has-very-dark-gray-color\">Ce projet de s\u00e9rie t\u00e9l\u00e9vis\u00e9e raconte la v\u00e9ritable histoire de Jacques Fournier, un jeune abb\u00e9 nomm\u00e9 \u00e9v\u00eaque dans son pays natal. Le r\u00e9cit se passe au XIV<sup>e<\/sup>&nbsp;si\u00e8cle, en&nbsp;<strong>LANGUEDOC<\/strong>, quelques ann\u00e9es apr\u00e8s la&nbsp;<strong>CROISADE<\/strong>&nbsp;contre les Albigeois. Notre protagoniste ne tarde pas \u00e0 d\u00e9couvrir que son dioc\u00e8se est encore rong\u00e9 par les vieilles ranc\u0153urs h\u00e9rit\u00e9es de la guerre : il d\u00e9cide alors d\u2019y mettre bon ordre en devenant&nbsp;<strong>INQUISITEUR<\/strong>.<\/p>\r\n\r\n\r\n\r\n\r\n<hr class=\"wp-block-separator\">\r\n\r\n\r\n\r\n\r\n<div class=\"wp-block-image\">\r\n<figure class=\"aligncenter\"><img loading=\"lazy\" width=\"768\" height=\"284\" src=\"http:\/\/sagafilms.fr\/wp-content\/uploads\/2018\/08\/SAGA-bandeau-vierge-768x284.jpg\" alt=\"\" class=\"wp-image-20\" srcset=\"https:\/\/sagafilms.fr\/wp-content\/uploads\/2018\/08\/SAGA-bandeau-vierge-768x284.jpg 768w, https:\/\/sagafilms.fr\/wp-content\/uploads\/2018\/08\/SAGA-bandeau-vierge-300x111.jpg 300w, https:\/\/sagafilms.fr\/wp-content\/uploads\/2018\/08\/SAGA-bandeau-vierge.jpg 852w\" sizes=\"(max-width: 768px) 100vw, 768px\" \/><figcaption><em>Le c\u00e9l\u00e8bre tableau de Jean-Paul Laurens repr\u00e9sente \u00ab&nbsp;<strong>L&rsquo;agitateur du Languedoc<\/strong>&nbsp;\u00bb, Bernard D\u00e9licieux, en train d&rsquo;\u00eatre jug\u00e9 par les \u00e9v\u00eaques de Toulouse, de Saint-Papoul et&#8230; Jacques Fournier, notre personnage principal&nbsp;!<\/em><\/figcaption><\/figure>\r\n<\/div>\r\n\r\n\r\n\r\n\r\n<hr class=\"wp-block-separator\">\r\n\r\n\r\n\r\n\r\n<h3>Qui travaille dessus&nbsp;?<\/h3>\r\n\r\n\r\n\r\n<p style=\"font-size: 20px;\">Le sc\u00e9nario est de Jean de Boiss\u00e9son et Cl\u00e9ment Juarez. Il est relu par des professionnels&nbsp;: enseignant chercheur en histoire m\u00e9di\u00e9vale, et producteur de cin\u00e9ma. Ces regards neufs nous permettent de progresser, et d&rsquo;\u00e9crire une mati\u00e8re sc\u00e9naristique la plus fiable possible.<\/p>\r\n\r\n\r\n\r\n<p style=\"font-size: 20px;\">La r\u00e9alisation sera confi\u00e9e \u00e0 des professionnels du cin\u00e9ma qui ont accept\u00e9 de rejoindre notre \u00e9quipe, ou de travailler avec nous \u00e0 prix r\u00e9duit. Un grand merci \u00e0 eux&nbsp;!<\/p>\r\n\r\n\r\n\r\n<p style=\"font-size: 20px;\">De nombreuses personnes se sont d\u00e9j\u00e0 engag\u00e9es \u00e0 nos c\u00f4t\u00e9s, notamment les troupes des B\u00e2tisseurs M\u00e9di\u00e9vaux, de Gesta Albigensis et d&rsquo;Historia Tolosana, qui sont nos consultants historiques. Ces reconstituteurs sont des experts en leur domaine&nbsp;: en se basant sur des travaux\r\nd&rsquo;arch\u00e9ologie, d&rsquo;histoire, d&rsquo;histoire de l&rsquo;art, et bien entendu sur de nombreuses sources (textes, vestiges, artefacts, etc.), ils sont en mesure de concevoir d\u00e9cors, accessoires, costumes&#8230;et de fournir notre projet en figurants&nbsp;!<\/p>\r\n\r\n\r\n\r\n<p style=\"font-size: 20px;\">La gestion financi\u00e8re du projet est confi\u00e9e \u00e0 Matthieu Bellin, ce qui nous permet de d\u00e9velopper d&rsquo;autres partenariats, de trouver des fonds, etc.<\/p>\r\n\r\n\r\n\r\n<div style=\"height: 100px;\" aria-hidden=\"true\" class=\"wp-block-spacer\"><\/div>\r\n\r\n\r\n\r\n<h3>O\u00f9 en sommes nous ?<\/h3>\r\n\r\n\r\n\r\n<p style=\"font-size: 20px;\">La premi\u00e8re \u00e9tape est de tourner un pilote, film pr\u00e9sentant la s\u00e9rie (souvent son premier \u00e9pisode). Le pilote n&rsquo;est pas destin\u00e9 \u00e0 \u00eatre diffus\u00e9, mais \u00e0 servir d&rsquo;argument de vente aupr\u00e8s de producteurs qui ach\u00e8tent et produisent alors la s\u00e9rie toute enti\u00e8re.<\/p>\r\n\r\n\r\n\r\n<p style=\"font-size: 20px;\">Nos \u00e9quipes travaillent \u00e0 la r\u00e9alisation de ce pilote&nbsp;: dons, b\u00e9n\u00e9volats, partenariats, nous permettent d&rsquo;avancer. Si vous pensez \u00eatre en mesure de nous aider en quoi que ce soit, visitez les pages Participer, Devenir membre, et Devenir b\u00e9n\u00e9vole. Votre aide est pr\u00e9cieuse&nbsp;!<\/p>\r\n\r\n\r\n\r\n<div style=\"height: 100px;\" aria-hidden=\"true\" class=\"wp-block-spacer\"><\/div>\r\n\r\n\r\n\r\n<h3>Nos engagements&nbsp;:<\/h3>\r\n\r\n\r\n\r\n<p style=\"font-size: 20px;\">Le Temps des juges est un projet qui se veut avant tout local et participatif.<\/p>\r\n\r\n\r\n\r\n<p style=\"font-size: 20px;\">Nous voulons faire la promotion des savoirs et savoir-faire de tous ceux qui nous aident. Nos artistes (musiciens, figurants, auteurs) sont d\u00e9fray\u00e9s et leurs actions mises en avant. Aussi ne vous \u00e9tonnez pas de trouver beaucoup de liens sur notre site&nbsp;: SAGA Films d\u00e9sire aussi \u00eatre une plate-forme de rencontres entre artistes, professionnels et passionn\u00e9s.<\/p>\r\n\r\n\r\n\r\n<p style=\"font-size: 20px;\">Nous voulons filmer dans les vrais lieux de notre histoire : la promotion des sites historiques de notre r\u00e9gion est une de nos priorit\u00e9s. Nos paysages, nos architectures, nourrissent ce film.<\/p>\r\n\r\n\r\n\r\n<p style=\"font-size: 20px;\">De la m\u00eame fa\u00e7on nous voulons cr\u00e9er une \u0153uvre qui porte des richesses locales&nbsp;: musiques occitanes, races d&rsquo;animaux du pays, artisans, costumiers, maquilleurs, cantiniers, producteurs locaux&#8230; Notre association, ce projet, son tournage et sa diffusion sont autant d&rsquo;occasions et de lieux pour la rencontre, le partage, la d\u00e9couverte d&rsquo;une authenticit\u00e9, d&rsquo;une enti\u00e8ret\u00e9, d&rsquo;une mentalit\u00e9 d&rsquo;ici. Le Temps des juges se veut une \u0153uvre cosmopolite et cosmologique, le reflet de tout un univers pass\u00e9, qui nous influence encore beaucoup aujourd&rsquo;hui.<\/p>\r\n","protected":false},"excerpt":{"rendered":"<p>Ce projet de s\u00e9rie t\u00e9l\u00e9vis\u00e9e raconte la v\u00e9ritable histoire de Jacques Fournier, un jeune abb\u00e9 nomm\u00e9 \u00e9v\u00eaque dans son pays natal. Le r\u00e9cit se passe au XIVe&nbsp;si\u00e8cle, en&nbsp;LANGUEDOC, quelques ann\u00e9es apr\u00e8s la&nbsp;CROISADE&nbsp;contre les Albigeois. Notre protagoniste ne tarde pas \u00e0 d\u00e9couvrir que son dioc\u00e8se est encore rong\u00e9 par les vieilles<a class=\"moretag\" href=\"https:\/\/sagafilms.fr\/index.php\/le-temps-des-juges\/\"> Lire la suite<\/a><\/p>\n","protected":false},"author":1,"featured_media":0,"parent":0,"menu_order":0,"comment_status":"closed","ping_status":"closed","template":"","meta":[],"_links":{"self":[{"href":"https:\/\/sagafilms.fr\/index.php\/wp-json\/wp\/v2\/pages\/376"}],"collection":[{"href":"https:\/\/sagafilms.fr\/index.php\/wp-json\/wp\/v2\/pages"}],"about":[{"href":"https:\/\/sagafilms.fr\/index.php\/wp-json\/wp\/v2\/types\/page"}],"author":[{"embeddable":true,"href":"https:\/\/sagafilms.fr\/index.php\/wp-json\/wp\/v2\/users\/1"}],"replies":[{"embeddable":true,"href":"https:\/\/sagafilms.fr\/index.php\/wp-json\/wp\/v2\/comments?post=376"}],"version-history":[{"count":11,"href":"https:\/\/sagafilms.fr\/index.php\/wp-json\/wp\/v2\/pages\/376\/revisions"}],"predecessor-version":[{"id":982,"href":"https:\/\/sagafilms.fr\/index.php\/wp-json\/wp\/v2\/pages\/376\/revisions\/982"}],"wp:attachment":[{"href":"https:\/\/sagafilms.fr\/index.php\/wp-json\/wp\/v2\/media?parent=376"}],"curies":[{"name":"wp","href":"https:\/\/api.w.org\/{rel}","templated":true}]}}