{"id":368,"date":"2018-09-30T18:21:13","date_gmt":"2018-09-30T16:21:13","guid":{"rendered":"http:\/\/sagafilms.fr\/?page_id=368"},"modified":"2019-01-14T14:40:43","modified_gmt":"2019-01-14T13:40:43","slug":"nos-projets","status":"publish","type":"page","link":"https:\/\/sagafilms.fr\/index.php\/nos-projets\/","title":{"rendered":"Nos Projets"},"content":{"rendered":"\r\n\r\n<hr class=\"wp-block-separator\">\r\n\r\n\r\n\r\n\r\n<p style=\"font-size: 20px;\">Voici la liste des projets sur lesquels nous travaillons actuellement :<\/p>\r\n\r\n\r\n\r\n<h1><a href=\"http:\/\/sagafilms.fr\/index.php\/le-temps-des-juges\/\">Le Temps des Juges<\/a><\/h1>\r\n\r\n\r\n\r\n<div class=\"wp-block-image\">\r\n<figure class=\"aligncenter is-resized\"><img loading=\"lazy\" src=\"http:\/\/sagafilms.fr\/wp-content\/uploads\/2018\/10\/Page-5-nos-projets-le-temps-des-juges-min.jpg\" alt=\"\" class=\"wp-image-688\" width=\"580\" height=\"386\" srcset=\"https:\/\/sagafilms.fr\/wp-content\/uploads\/2018\/10\/Page-5-nos-projets-le-temps-des-juges-min.jpg 5184w, https:\/\/sagafilms.fr\/wp-content\/uploads\/2018\/10\/Page-5-nos-projets-le-temps-des-juges-min-300x200.jpg 300w, https:\/\/sagafilms.fr\/wp-content\/uploads\/2018\/10\/Page-5-nos-projets-le-temps-des-juges-min-768x512.jpg 768w, https:\/\/sagafilms.fr\/wp-content\/uploads\/2018\/10\/Page-5-nos-projets-le-temps-des-juges-min-1024x683.jpg 1024w, https:\/\/sagafilms.fr\/wp-content\/uploads\/2018\/10\/Page-5-nos-projets-le-temps-des-juges-min-360x240.jpg 360w\" sizes=\"(max-width: 580px) 100vw, 580px\" \/><\/figure>\r\n<\/div>\r\n\r\n\r\n\r\n<p style=\"font-size: 20px;\">Consultez <a href=\"http:\/\/sagafilms.fr\/index.php\/le-temps-des-juges\/\" target=\"_blank\" rel=\"noopener\">cette page<\/a> pour en apprendre plus sur cet ambitieux projet retra\u00e7ant la vie d&rsquo;un inquisiteur du XIV<sup>e<\/sup> si\u00e8cle&nbsp;!<\/p>\r\n\r\n\r\n\r\n\r\n<hr class=\"wp-block-separator is-style-wide\">\r\n\r\n\r\n\r\n\r\n<div style=\"height: 100px;\" aria-hidden=\"true\" class=\"wp-block-spacer\"><\/div>\r\n\r\n\r\n\r\n<h1><a href=\"http:\/\/sagafilms.fr\/index.php\/lalchimiste-2\/\" target=\"_blank\" rel=\"noopener\">L&rsquo;Alchimiste<\/a><\/h1>\r\n\r\n\r\n\r\n<p style=\"font-size: 20px;\">Projet de court-m\u00e9trage se d\u00e9roulant \u00e0\r\nToulouse, tourn\u00e9 sur place \u00e0 l&rsquo;aide de troupes de reconstitution locales. Une\r\nfiction surprenante sur les pratiques secr\u00e8tes d&rsquo;un alchimiste toulousain du XV<sup>e<\/sup>\r\nsi\u00e8cle&#8230;<\/p>\r\n\r\n\r\n\r\n<div class=\"wp-block-image\">\r\n<figure class=\"aligncenter is-resized\"><img loading=\"lazy\" src=\"http:\/\/sagafilms.fr\/wp-content\/uploads\/2018\/10\/Page-5-nos-projets-lalchimiste-min.jpg\" alt=\"\" class=\"wp-image-689\" width=\"550\" height=\"387\"><\/figure>\r\n<\/div>\r\n\r\n\r\n\r\n<p style=\"font-size: 20px;\">Consultez&nbsp;<a href=\"http:\/\/sagafilms.fr\/index.php\/lalchimiste\/\" target=\"_blank\" rel=\"noopener\">cette page<\/a>&nbsp;pour d\u00e9couvrir ce projet de court-m\u00e9trage : une enqu\u00eate criminelle et fantastique qui \u00e9voque les relations du puissant Jacques C\u0153ur aux alchimistes toulousains.<\/p>\r\n\r\n\r\n\r\n\r\n<hr class=\"wp-block-separator is-style-wide\">\r\n\r\n\r\n\r\n\r\n<div style=\"height: 100px;\" aria-hidden=\"true\" class=\"wp-block-spacer\"><\/div>\r\n\r\n\r\n\r\n<h1><a href=\"http:\/\/sagafilms.fr\/index.php\/baziege-1219-2019\/\" target=\"_blank\" rel=\"noopener\">Bazi\u00e8ge 1219-2019<\/a><\/h1>\r\n\r\n\r\n\r\n<p style=\"font-size: 20px;\">Projet de film-documentaire sur la reconstitution de la bataille de Bazi\u00e8ge qui aura lieu l&rsquo;an prochain. Des chroniqueurs aux historiens, des artistes aux combattants, vous d\u00e9couvrirez tr\u00e8s bient\u00f4t cette bataille m\u00e9di\u00e9vale, symbole de la r\u00e9sistance des occitans fid\u00e8les au comte de Toulouse contre leurs adversaires et envahisseurs de la croisade.<\/p>\r\n\r\n\r\n\r\n<div class=\"wp-block-image\">\r\n<figure class=\"aligncenter is-resized\"><img loading=\"lazy\" src=\"http:\/\/sagafilms.fr\/wp-content\/uploads\/2018\/10\/Page-5-nos-projets-Bazi\u00e8ge-min.jpg\" alt=\"\" class=\"wp-image-691\" width=\"580\" height=\"386\" srcset=\"https:\/\/sagafilms.fr\/wp-content\/uploads\/2018\/10\/Page-5-nos-projets-Bazi\u00e8ge-min.jpg 5616w, https:\/\/sagafilms.fr\/wp-content\/uploads\/2018\/10\/Page-5-nos-projets-Bazi\u00e8ge-min-300x200.jpg 300w, https:\/\/sagafilms.fr\/wp-content\/uploads\/2018\/10\/Page-5-nos-projets-Bazi\u00e8ge-min-768x512.jpg 768w, https:\/\/sagafilms.fr\/wp-content\/uploads\/2018\/10\/Page-5-nos-projets-Bazi\u00e8ge-min-1024x683.jpg 1024w, https:\/\/sagafilms.fr\/wp-content\/uploads\/2018\/10\/Page-5-nos-projets-Bazi\u00e8ge-min-360x240.jpg 360w\" sizes=\"(max-width: 580px) 100vw, 580px\" \/><\/figure>\r\n<\/div>\r\n\r\n\r\n\r\n<p style=\"font-size: 20px;\">Consultez&nbsp;<a href=\"http:\/\/sagafilms.fr\/index.php\/baziege-1219-2019\/\" target=\"_blank\" rel=\"noreferrer noopener\">cette page<\/a>&nbsp;pour d\u00e9couvrir l&rsquo;avancement de notre tout premier reportage : \u00e0 l&rsquo;occasion du 800\u00e8me anniversaire de la bataille de Bazi\u00e8ge, nous vous invitons \u00e0 plonger dans le monde de la reconstitution historique !<\/p>\r\n\r\n\r\n<hr>\r\n\r\n\r\n\r\n\r\n\r\n\r\n\r\n\r\n<h1><\/h1>\r\n<h1><a href=\"http:\/\/sagafilms.fr\/index.php\/le-chant-de-la-sorgues\/\" target=\"_blank\" rel=\"noopener\">Le chant de la Sorgues<\/a><\/h1>\r\n\r\n\r\n\r\n<p style=\"font-size: 20px;\">Projet de court-m\u00e9trage lanc\u00e9 \u00e0 l&rsquo;occasion du festival <a href=\"https:\/\/www.facebook.com\/leolagrange81\/\" target=\"_blank\" rel=\"noopener\">La parole est \u00e0 la jeunesse<\/a>.<\/p>\r\n<p style=\"font-size: 20px;\">Hiver 1363 : une jeune dame escort\u00e9e par un vieux soldat tentent de fuir le Camar\u00e8s ravag\u00e9 par la guerre de Cent Ans. Leur seule voie d&rsquo;acc\u00e8s vers la libert\u00e9 : l&rsquo;ancien pont de Lapeyre, qui se jette au-dessus des flots glac\u00e9s de la Sorgues&#8230;<\/p>\r\n\r\n\r\n\r\n<div class=\"wp-block-image\">\r\n<figure class=\"aligncenter is-resized\"><img loading=\"lazy\" src=\"http:\/\/sagafilms.fr\/wp-content\/uploads\/2019\/01\/IMG_3912-1024x683.jpg\" alt=\"\" class=\"aligncenter wp-image-945 size-large\" width=\"750\" height=\"500\" srcset=\"https:\/\/sagafilms.fr\/wp-content\/uploads\/2019\/01\/IMG_3912-1024x683.jpg 1024w, https:\/\/sagafilms.fr\/wp-content\/uploads\/2019\/01\/IMG_3912-300x200.jpg 300w, https:\/\/sagafilms.fr\/wp-content\/uploads\/2019\/01\/IMG_3912-768x512.jpg 768w, https:\/\/sagafilms.fr\/wp-content\/uploads\/2019\/01\/IMG_3912-360x240.jpg 360w\" sizes=\"(max-width: 750px) 100vw, 750px\" \/><\/figure>\r\n<\/div>\r\n\r\n\r\n\r\n<p style=\"font-size: 20px;\">Consultez&nbsp;<a href=\"http:\/\/sagafilms.fr\/index.php\/le-chant-de-la-sorgues\/\" target=\"_blank\" rel=\"noreferrer noopener\">cette page<\/a>&nbsp;pour voir o\u00f9 nous en sommes !<\/p>\r\n\r\n\r\n<hr class=\"wp-block-separator is-style-wide\">\r\n\r\n","protected":false},"excerpt":{"rendered":"<p>Voici la liste des projets sur lesquels nous travaillons actuellement : Le Temps des Juges Consultez cette page pour en apprendre plus sur cet ambitieux projet retra\u00e7ant la vie d&rsquo;un inquisiteur du XIVe si\u00e8cle&nbsp;! L&rsquo;Alchimiste Projet de court-m\u00e9trage se d\u00e9roulant \u00e0 Toulouse, tourn\u00e9 sur place \u00e0 l&rsquo;aide de troupes de<a class=\"moretag\" href=\"https:\/\/sagafilms.fr\/index.php\/nos-projets\/\"> Lire la suite<\/a><\/p>\n","protected":false},"author":1,"featured_media":0,"parent":0,"menu_order":0,"comment_status":"closed","ping_status":"closed","template":"","meta":[],"_links":{"self":[{"href":"https:\/\/sagafilms.fr\/index.php\/wp-json\/wp\/v2\/pages\/368"}],"collection":[{"href":"https:\/\/sagafilms.fr\/index.php\/wp-json\/wp\/v2\/pages"}],"about":[{"href":"https:\/\/sagafilms.fr\/index.php\/wp-json\/wp\/v2\/types\/page"}],"author":[{"embeddable":true,"href":"https:\/\/sagafilms.fr\/index.php\/wp-json\/wp\/v2\/users\/1"}],"replies":[{"embeddable":true,"href":"https:\/\/sagafilms.fr\/index.php\/wp-json\/wp\/v2\/comments?post=368"}],"version-history":[{"count":20,"href":"https:\/\/sagafilms.fr\/index.php\/wp-json\/wp\/v2\/pages\/368\/revisions"}],"predecessor-version":[{"id":964,"href":"https:\/\/sagafilms.fr\/index.php\/wp-json\/wp\/v2\/pages\/368\/revisions\/964"}],"wp:attachment":[{"href":"https:\/\/sagafilms.fr\/index.php\/wp-json\/wp\/v2\/media?parent=368"}],"curies":[{"name":"wp","href":"https:\/\/api.w.org\/{rel}","templated":true}]}}