{"id":156,"date":"2018-09-29T12:44:11","date_gmt":"2018-09-29T10:44:11","guid":{"rendered":"http:\/\/sagafilms.fr\/?page_id=156"},"modified":"2019-01-27T20:55:18","modified_gmt":"2019-01-27T19:55:18","slug":"nos-partenaires","status":"publish","type":"page","link":"https:\/\/sagafilms.fr\/index.php\/nos-partenaires\/","title":{"rendered":"Nos partenaires"},"content":{"rendered":"Consultez les pages de nos partenaires favoris : vous y trouverez des liens vers leurs sites afin de pouvoir vous renseigner directement aupr\u00e8s d&rsquo;eux ! En premier chef, des associations loi 1901, toutes bas\u00e9es dans le sud-ouest et sp\u00e9cialis\u00e9es dans la reconstitution de la vie civile et militaire au Moyen \u00c2ge :\r\n<!--StartFragment-->\r\n\r\n\r\n\r\n<a href=\"http:\/\/sagafilms.fr\/index.php\/historia-tolosana\/\" target=\"_blank\" rel=\"noopener\">Historia Tolosana<\/a> reconstitue le XIIIe si\u00e8cle (1210-1250) et la fin du XIVe si\u00e8cle (1370-1410) en terres toulousaines.\r\n\r\n\r\n\r\n\r\n\r\n<a href=\"http:\/\/sagafilms.fr\/index.php\/gesta-albigensis\/\" target=\"_blank\" rel=\"noopener\">Gesta Albigensis<\/a> reconstitue la soci\u00e9t\u00e9 Occitane et Aragonaise, qu\u2019elle soit civile ou combattante, au temps de la croisade contre les Albigeois (1209-1244).\r\n\r\n\r\n\r\n\r\n\r\n<a href=\"http:\/\/sagafilms.fr\/index.php\/batisseurs-medievaux\/\" target=\"_blank\" rel=\"noopener\">Les B\u00e2tisseurs M\u00e9di\u00e9vaux<\/a> est la troupe de l\u2019association \u00ab Du Moyen \u00c2ge \u00e0 nos jours \u00bb, qui&nbsp; reconstitue des engins de construction du Moyen \u00c2ge.\r\n\r\n\r\n\r\n\r\n\r\n<hr class=\"wp-block-separator\">\r\n\r\n\r\n\r\n\r\n\r\nEn plus des ces diff\u00e9rentes troupes qui nous conseillent, nous aident \u00e0 mieux conna\u00eetre le monde m\u00e9di\u00e9val, et nous assistent dans nos projets, nous avons \u00e9galement le soutien de l&rsquo;<a href=\"http:\/\/sagafilms.fr\/index.php\/institut-de-lengagement\/\" target=\"_blank\" rel=\"noopener\">Institut de l&rsquo;Engagement<\/a>.\r\n\r\n\r\n\r\n\r\n\r\nNous sommes toujours \u00e0 la recherche de nouveaux partenaires : n&rsquo;h\u00e9sitez pas \u00e0 vous manifester si vous pensez pouvoir nous aider ! Commencez par consulter notre page : <a href=\"http:\/\/sagafilms.fr\/index.php\/participer\/\" target=\"_blank\" rel=\"noopener\">Participer<\/a>.\r\n\r\n","protected":false},"excerpt":{"rendered":"<p>Consultez les pages de nos partenaires favoris : vous y trouverez des liens vers leurs sites afin de pouvoir vous renseigner directement aupr\u00e8s d&rsquo;eux ! En premier chef, des associations loi 1901, toutes bas\u00e9es dans le sud-ouest et sp\u00e9cialis\u00e9es dans la reconstitution de la vie civile et militaire au Moyen<a class=\"moretag\" href=\"https:\/\/sagafilms.fr\/index.php\/nos-partenaires\/\"> Lire la suite<\/a><\/p>\n","protected":false},"author":1,"featured_media":370,"parent":0,"menu_order":0,"comment_status":"closed","ping_status":"closed","template":"","meta":[],"_links":{"self":[{"href":"https:\/\/sagafilms.fr\/index.php\/wp-json\/wp\/v2\/pages\/156"}],"collection":[{"href":"https:\/\/sagafilms.fr\/index.php\/wp-json\/wp\/v2\/pages"}],"about":[{"href":"https:\/\/sagafilms.fr\/index.php\/wp-json\/wp\/v2\/types\/page"}],"author":[{"embeddable":true,"href":"https:\/\/sagafilms.fr\/index.php\/wp-json\/wp\/v2\/users\/1"}],"replies":[{"embeddable":true,"href":"https:\/\/sagafilms.fr\/index.php\/wp-json\/wp\/v2\/comments?post=156"}],"version-history":[{"count":14,"href":"https:\/\/sagafilms.fr\/index.php\/wp-json\/wp\/v2\/pages\/156\/revisions"}],"predecessor-version":[{"id":985,"href":"https:\/\/sagafilms.fr\/index.php\/wp-json\/wp\/v2\/pages\/156\/revisions\/985"}],"wp:featuredmedia":[{"embeddable":true,"href":"https:\/\/sagafilms.fr\/index.php\/wp-json\/wp\/v2\/media\/370"}],"wp:attachment":[{"href":"https:\/\/sagafilms.fr\/index.php\/wp-json\/wp\/v2\/media?parent=156"}],"curies":[{"name":"wp","href":"https:\/\/api.w.org\/{rel}","templated":true}]}}