{"id":1102,"date":"2020-03-06T12:48:38","date_gmt":"2020-03-06T11:48:38","guid":{"rendered":"http:\/\/sagafilms.fr\/?page_id=1102"},"modified":"2020-03-06T13:01:23","modified_gmt":"2020-03-06T12:01:23","slug":"samonios-2019","status":"publish","type":"page","link":"https:\/\/sagafilms.fr\/index.php\/samonios-2019\/","title":{"rendered":"Samonios 2019"},"content":{"rendered":"<p>Randa Ardesca, c&rsquo;est une \u00e9quipe de fou furieux, qui reconstituent un magnifique village gaulois (mais pas que) au c\u0153ur de l&rsquo;Ard\u00e8che.<\/p>\n<p><img loading=\"lazy\" src=\"http:\/\/sagafilms.fr\/wp-content\/uploads\/2020\/03\/52905295_593909057738574_7377519243358633984_o-300x200.jpg\" alt=\"\" width=\"500\" height=\"333\" class=\"aligncenter wp-image-1117\" srcset=\"https:\/\/sagafilms.fr\/wp-content\/uploads\/2020\/03\/52905295_593909057738574_7377519243358633984_o-300x200.jpg 300w, https:\/\/sagafilms.fr\/wp-content\/uploads\/2020\/03\/52905295_593909057738574_7377519243358633984_o-768x512.jpg 768w, https:\/\/sagafilms.fr\/wp-content\/uploads\/2020\/03\/52905295_593909057738574_7377519243358633984_o-1024x683.jpg 1024w, https:\/\/sagafilms.fr\/wp-content\/uploads\/2020\/03\/52905295_593909057738574_7377519243358633984_o-360x240.jpg 360w, https:\/\/sagafilms.fr\/wp-content\/uploads\/2020\/03\/52905295_593909057738574_7377519243358633984_o.jpg 2048w\" sizes=\"(max-width: 500px) 100vw, 500px\" \/><\/p>\n<p>Et chaque ann\u00e9e, \u00e0 la f\u00eate de Samonios, ils invitent des brasseurs \u00e0 venir bidouiller de l&rsquo;authentique cervoise !<\/p>\n<p>Pour cette \u00e9dition, nous \u00e9tions l\u00e0, et c&rsquo;\u00e9tait l&rsquo;occasion de croiser des gens int\u00e9ressants, d&rsquo;admirer le travail de l&rsquo;association (suivez-les, <a href=\"http:\/\/randaardesca.fr\/\" target=\"_blank\" rel=\"noopener\">Randa Ardesca<\/a> c&rsquo;est du travail tr\u00e8s s\u00e9rieux et beaucoup de plaisir) !<\/p>\n<p>Et puis, aussi, de signaler au youtubeur <a href=\"https:\/\/www.youtube.com\/channel\/UCwzxu1j19ICnfW5zrBvUw-w\" target=\"_blank\" rel=\"noopener\">Une Bi\u00e8re et Jivay<\/a> qu&rsquo;il y avait une belle occasion de travailler sur ce sujet.<\/p>\n<p>Et il l&rsquo;a fait ! Un petit teaser, \u00e0 2 min 44 sec :<\/p>\n<p><iframe loading=\"lazy\" width=\"750\" height=\"422\" src=\"https:\/\/www.youtube.com\/embed\/iFfyT1cc2dQ?feature=oembed\" frameborder=\"0\" allow=\"accelerometer; autoplay; encrypted-media; gyroscope; picture-in-picture\" allowfullscreen><\/iframe><\/p>\n<p>Promis, d\u00e8s que la vid\u00e9o finale sort, on vous la partage ici !<\/p>\n<p>&nbsp;<\/p>\n","protected":false},"excerpt":{"rendered":"<p>Randa Ardesca, c&rsquo;est une \u00e9quipe de fou furieux, qui reconstituent un magnifique village gaulois (mais pas que) au c\u0153ur de l&rsquo;Ard\u00e8che. Et chaque ann\u00e9e, \u00e0 la f\u00eate de Samonios, ils invitent des brasseurs \u00e0 venir bidouiller de l&rsquo;authentique cervoise ! Pour cette \u00e9dition, nous \u00e9tions l\u00e0, et c&rsquo;\u00e9tait l&rsquo;occasion de<a class=\"moretag\" href=\"https:\/\/sagafilms.fr\/index.php\/samonios-2019\/\"> Lire la suite<\/a><\/p>\n","protected":false},"author":2,"featured_media":0,"parent":0,"menu_order":0,"comment_status":"closed","ping_status":"closed","template":"","meta":[],"_links":{"self":[{"href":"https:\/\/sagafilms.fr\/index.php\/wp-json\/wp\/v2\/pages\/1102"}],"collection":[{"href":"https:\/\/sagafilms.fr\/index.php\/wp-json\/wp\/v2\/pages"}],"about":[{"href":"https:\/\/sagafilms.fr\/index.php\/wp-json\/wp\/v2\/types\/page"}],"author":[{"embeddable":true,"href":"https:\/\/sagafilms.fr\/index.php\/wp-json\/wp\/v2\/users\/2"}],"replies":[{"embeddable":true,"href":"https:\/\/sagafilms.fr\/index.php\/wp-json\/wp\/v2\/comments?post=1102"}],"version-history":[{"count":4,"href":"https:\/\/sagafilms.fr\/index.php\/wp-json\/wp\/v2\/pages\/1102\/revisions"}],"predecessor-version":[{"id":1119,"href":"https:\/\/sagafilms.fr\/index.php\/wp-json\/wp\/v2\/pages\/1102\/revisions\/1119"}],"wp:attachment":[{"href":"https:\/\/sagafilms.fr\/index.php\/wp-json\/wp\/v2\/media?parent=1102"}],"curies":[{"name":"wp","href":"https:\/\/api.w.org\/{rel}","templated":true}]}}